{"id":89,"date":"2012-08-18T09:22:10","date_gmt":"2012-08-18T09:22:10","guid":{"rendered":"http:\/\/www.aleninacesta.cz\/\/?page_id=89"},"modified":"2020-10-30T15:59:13","modified_gmt":"2020-10-30T15:59:13","slug":"kontakt","status":"publish","type":"page","link":"https:\/\/www.aleninacesta.cz\/?page_id=89","title":{"rendered":"Kontakt"},"content":{"rendered":"\t\t<div data-elementor-type=\"wp-page\" data-elementor-id=\"89\" class=\"elementor elementor-89\">\n\t\t\t\t\t\t<section class=\"elementor-section elementor-top-section elementor-element elementor-element-21e42bfb elementor-section-boxed elementor-section-height-default elementor-section-height-default\" data-id=\"21e42bfb\" data-element_type=\"section\" data-e-type=\"section\">\n\t\t\t\t\t\t<div class=\"elementor-container elementor-column-gap-default\">\n\t\t\t\t\t<div class=\"elementor-column elementor-col-100 elementor-top-column elementor-element elementor-element-760b3c6b\" data-id=\"760b3c6b\" data-element_type=\"column\" data-e-type=\"column\">\n\t\t\t<div class=\"elementor-widget-wrap elementor-element-populated\">\n\t\t\t\t\t\t<div class=\"elementor-element elementor-element-128f17d6 elementor-widget elementor-widget-text-editor\" data-id=\"128f17d6\" data-element_type=\"widget\" data-e-type=\"widget\" data-widget_type=\"text-editor.default\">\n\t\t\t\t<div class=\"elementor-widget-container\">\n\t\t\t\t\t\t\t\t\t<p style=\"text-align: center;\"><span style=\"color: #003333;\"><em><strong>Adresa:<\/strong><\/em> \u010ceskomoravsk\u00e1 316\/24&nbsp;<\/span><\/p>\n<p style=\"text-align: center;\"><span style=\"color: #003333;\"><em><strong>Tel:<\/strong><\/em> +420 732 704 383<\/span><\/p>\n<p style=\"text-align: center;\"><span style=\"color: #003333;\"><em><strong>Email:<\/strong><\/em> karpatska.a &nbsp;<em>zavin\u00e1\u010d<\/em> &nbsp;seznam.cz<\/span><\/p>\t\t\t\t\t\t\t\t<\/div>\n\t\t\t\t<\/div>\n\t\t\t\t\t<\/div>\n\t\t<\/div>\n\t\t\t\t\t<\/div>\n\t\t<\/section>\n\t\t\t\t<section class=\"elementor-section elementor-top-section elementor-element elementor-element-6781f00 elementor-section-boxed elementor-section-height-default elementor-section-height-default\" data-id=\"6781f00\" data-element_type=\"section\" data-e-type=\"section\">\n\t\t\t\t\t\t<div class=\"elementor-container elementor-column-gap-default\">\n\t\t\t\t\t<div class=\"elementor-column elementor-col-100 elementor-top-column elementor-element elementor-element-6cb4f9e\" data-id=\"6cb4f9e\" data-element_type=\"column\" data-e-type=\"column\">\n\t\t\t<div class=\"elementor-widget-wrap elementor-element-populated\">\n\t\t\t\t\t\t<div class=\"elementor-element elementor-element-5f363e2 elementor-alert-info elementor-widget elementor-widget-alert\" data-id=\"5f363e2\" data-element_type=\"widget\" data-e-type=\"widget\" data-widget_type=\"alert.default\">\n\t\t\t\t<div class=\"elementor-widget-container\">\n\t\t\t\t\t\t\t<div class=\"elementor-alert\" role=\"alert\">\n\n\t\t\t\t\t\t<span class=\"elementor-alert-title\">Adresa:<\/span>\n\t\t\t\n\t\t\t\t\t\t<span class=\"elementor-alert-description\">\nBudova se nach\u00e1z\u00ed mezi n\u00e1dra\u017e\u00edm Libe\u0148 a parkovi\u0161t\u011bm Lidl<\/span>\n\t\t\t\n\t\t\t\t\t\t<button type=\"button\" class=\"elementor-alert-dismiss\" aria-label=\"Zav\u0159\u00edt toto upozorn\u011bn\u00ed.\">\n\t\t\t\t\t\t\t\t\t<span aria-hidden=\"true\">&times;<\/span>\n\t\t\t\t\t\t\t<\/button>\n\t\t\t\n\t\t<\/div>\n\t\t\t\t\t\t<\/div>\n\t\t\t\t<\/div>\n\t\t\t\t<div class=\"elementor-element elementor-element-bb038ab elementor-shape-circle elementor-grid-0 elementor-widget elementor-widget-social-icons\" data-id=\"bb038ab\" data-element_type=\"widget\" data-e-type=\"widget\" data-widget_type=\"social-icons.default\">\n\t\t\t\t<div class=\"elementor-widget-container\">\n\t\t\t\t\t\t\t<div class=\"elementor-social-icons-wrapper elementor-grid\">\n\t\t\t\t\t\t\t<span class=\"elementor-grid-item\">\n\t\t\t\t\t<a class=\"elementor-icon elementor-social-icon elementor-social-icon-facebook elementor-repeater-item-54c0e2f\" href=\"https:\/\/www.facebook.com\/profile.php?id=100013790467907\" target=\"_blank\">\n\t\t\t\t\t\t<span class=\"elementor-screen-only\">Facebook<\/span>\n\t\t\t\t\t\t<i aria-hidden=\"true\" class=\"fab fa-facebook\"><\/i>\t\t\t\t\t<\/a>\n\t\t\t\t<\/span>\n\t\t\t\t\t<\/div>\n\t\t\t\t\t\t<\/div>\n\t\t\t\t<\/div>\n\t\t\t\t<div class=\"elementor-element elementor-element-71230cf elementor-widget elementor-widget-google_maps\" data-id=\"71230cf\" data-element_type=\"widget\" data-e-type=\"widget\" data-widget_type=\"google_maps.default\">\n\t\t\t\t<div class=\"elementor-widget-container\">\n\t\t\t\t\t\t\t<div class=\"elementor-custom-embed\">\n\t\t\t<iframe loading=\"lazy\"\n\t\t\t\t\tsrc=\"https:\/\/maps.google.com\/maps?q=%C4%8Deskomoravsk%C3%A1%20316%2F24&#038;t=m&#038;z=13&#038;output=embed&#038;iwloc=near\"\n\t\t\t\t\ttitle=\"\u010deskomoravsk\u00e1 316\/24\"\n\t\t\t\t\taria-label=\"\u010deskomoravsk\u00e1 316\/24\"\n\t\t\t><\/iframe>\n\t\t<\/div>\n\t\t\t\t\t\t<\/div>\n\t\t\t\t<\/div>\n\t\t\t\t\t<\/div>\n\t\t<\/div>\n\t\t\t\t\t<\/div>\n\t\t<\/section>\n\t\t\t\t<\/div>\n\t\t","protected":false},"excerpt":{"rendered":"<p>Adresa: \u010ceskomoravsk\u00e1 316\/24&nbsp; Tel: +420 732 704 383 Email: karpatska.a &nbsp;zavin\u00e1\u010d &nbsp;seznam.cz Adresa: Budova se nach\u00e1z\u00ed mezi n\u00e1dra\u017e\u00edm Libe\u0148 a parkovi\u0161t\u011bm Lidl \u00d7 Zru\u0161it upozorn\u011bn\u00ed Facebook<\/p>\n","protected":false},"author":1,"featured_media":0,"parent":0,"menu_order":0,"comment_status":"closed","ping_status":"open","template":"","meta":{"footnotes":""},"class_list":["post-89","page","type-page","status-publish","hentry"],"_links":{"self":[{"href":"https:\/\/www.aleninacesta.cz\/index.php?rest_route=\/wp\/v2\/pages\/89","targetHints":{"allow":["GET"]}}],"collection":[{"href":"https:\/\/www.aleninacesta.cz\/index.php?rest_route=\/wp\/v2\/pages"}],"about":[{"href":"https:\/\/www.aleninacesta.cz\/index.php?rest_route=\/wp\/v2\/types\/page"}],"author":[{"embeddable":true,"href":"https:\/\/www.aleninacesta.cz\/index.php?rest_route=\/wp\/v2\/users\/1"}],"replies":[{"embeddable":true,"href":"https:\/\/www.aleninacesta.cz\/index.php?rest_route=%2Fwp%2Fv2%2Fcomments&post=89"}],"version-history":[{"count":32,"href":"https:\/\/www.aleninacesta.cz\/index.php?rest_route=\/wp\/v2\/pages\/89\/revisions"}],"predecessor-version":[{"id":850,"href":"https:\/\/www.aleninacesta.cz\/index.php?rest_route=\/wp\/v2\/pages\/89\/revisions\/850"}],"wp:attachment":[{"href":"https:\/\/www.aleninacesta.cz\/index.php?rest_route=%2Fwp%2Fv2%2Fmedia&parent=89"}],"curies":[{"name":"wp","href":"https:\/\/api.w.org\/{rel}","templated":true}]}}