{"id":258,"date":"2012-08-18T13:59:04","date_gmt":"2012-08-18T13:59:04","guid":{"rendered":"http:\/\/www.aleninacesta.cz\/\/?page_id=258"},"modified":"2020-10-30T15:59:21","modified_gmt":"2020-10-30T15:59:21","slug":"program","status":"publish","type":"page","link":"https:\/\/www.aleninacesta.cz\/?page_id=258","title":{"rendered":"Novinky"},"content":{"rendered":"\t\t<div data-elementor-type=\"wp-page\" data-elementor-id=\"258\" class=\"elementor elementor-258\">\n\t\t\t\t\t\t<section class=\"elementor-section elementor-top-section elementor-element elementor-element-5c92db83 elementor-section-boxed elementor-section-height-default elementor-section-height-default\" data-id=\"5c92db83\" data-element_type=\"section\" data-e-type=\"section\">\n\t\t\t\t\t\t<div class=\"elementor-container elementor-column-gap-default\">\n\t\t\t\t\t<div class=\"elementor-column elementor-col-100 elementor-top-column elementor-element elementor-element-4b53525b\" data-id=\"4b53525b\" data-element_type=\"column\" data-e-type=\"column\">\n\t\t\t<div class=\"elementor-widget-wrap elementor-element-populated\">\n\t\t\t\t\t\t<div class=\"elementor-element elementor-element-60a23647 elementor-widget elementor-widget-text-editor\" data-id=\"60a23647\" data-element_type=\"widget\" data-e-type=\"widget\" data-widget_type=\"text-editor.default\">\n\t\t\t\t<div class=\"elementor-widget-container\">\n\t\t\t\t\t\t\t\t\t<p style=\"text-align: justify;\">Ahoj m\u00ed mil\u00ed souputn\u00edci :-)<\/p><p style=\"text-align: justify;\">kone\u010dn\u011b se mi poda\u0159ilo zrealizovat prostor pro informace a pro\u017eitky kter\u00e9 obohacuj\u00ed m\u016fj \u017eivot.\u00a0 U\u017e dlouho m\u00e1m pocit, \u017ee bych se s v\u00e1mi o n\u011b cht\u011bla d\u011blit a tak jsem r\u00e1da, \u017ee nazr\u00e1l \u010das aby to bylo mo\u017en\u00e9 :-).<\/p><p style=\"text-align: justify;\">\u017dijeme v dob\u011b velk\u00fdch zm\u011bn a v\u011b\u0159\u00edm, \u017ee informace kter\u00e9 k n\u00e1m p\u0159ich\u00e1zej\u00ed jsou pro n\u00e1s dobrou motivac\u00ed a pomoc\u00ed jak plynout s proudem \u017eivota jen s t\u011bmi boulemi a \u0161r\u00e1my kter\u00e9 jsou nezbytn\u00e9 pro pochopen\u00ed toho co pot\u0159ebujeme moment\u00e1ln\u011b zn\u00e1t.<\/p><p style=\"text-align: justify;\">Tedy p\u0159\u00edsp\u011bvek prvn\u00ed :-) &#8211;<\/p><p style=\"text-align: justify;\">v\u017edycky jsem v\u011bd\u011bla, \u017ee komunikace je nesm\u00edrn\u011b d\u016fle\u017eit\u00e1. Pr\u00e1v\u011b v\u0161ak \u017eijeme v dob\u011b kdy je je\u0161t\u011b d\u016fle\u017eit\u011bj\u0161\u00ed, proto\u017ee z\u00e1kladn\u00ed lekc\u00ed sou\u010dasnosti je <em><strong>opravdovost<\/strong><\/em> a <strong>pravda. <\/strong>\u017divot n\u00e1s \u010d\u00edm d\u00e1l t\u00edm v\u00edc nut\u00ed \u017e\u00edt opravdov\u011b a jedin\u011b, kdy\u017e komunikuji se sebou v\u00edm co je moje pravda, kdo jsem j\u00e1 ;-). A jedin\u011b, kdy\u017e komunikuji s ostatn\u00edmi, tak se m\u016f\u017eou dozv\u011bd\u011bt kdo jsem j\u00e1 a p\u0159ijmout m\u011b tak a milovat se v\u0161\u00edm co ke m\u011b pat\u0159\u00ed.<\/p><p style=\"text-align: justify;\">Skon\u010dil \u010das teori\u00ed, je t\u0159eba \u017e\u00edt :D.<\/p><p style=\"text-align: justify;\">M\u016fj mu\u017e a syn mi denn\u011b ukazuj\u00ed, \u017ee tahle praktika p\u0159\u00edm\u00e9 komunikace jsou sice n\u011bkdy drsn\u00e1 \u0161kola, ale d\u016fsledky kter\u00e9 to nese jsou nebesky sladk\u00e9 pro v\u0161echny z\u00fa\u010dastn\u011bn\u00e9 :).<\/p><p style=\"text-align: justify;\">\u00a0 \u00a0 \u00a0 \u00a0 \u00a0 \u00a0 \u00a0 \u00a0 \u00a0 \u00a0 \u00a0 \u00a0 \u00a0 \u00a0 \u00a0 \u00a0 \u00a0 \u00a0 \u00a0 \u00a0 \u00a0 \u00a0 \u00a0 \u00a0 \u00a0 \u00a0 \u00a0 \u00a0 \u00a0 \u00a0 \u00a0 \u00a0 \u00a0 \u00a0 \u00a0 \u00a0 \u00a0 \u00a0 \u00a0 \u00a0 \u00a0 \u00a0 \u00a0 \u00a0 \u00a0 \u00a0 \u00a0 \u00a0 \u00a0 \u00a0 S L\u00e1skou Alena<\/p>\t\t\t\t\t\t\t\t<\/div>\n\t\t\t\t<\/div>\n\t\t\t\t\t<\/div>\n\t\t<\/div>\n\t\t\t\t\t<\/div>\n\t\t<\/section>\n\t\t\t\t<section class=\"elementor-section elementor-top-section elementor-element elementor-element-1432164 elementor-section-boxed elementor-section-height-default elementor-section-height-default\" data-id=\"1432164\" data-element_type=\"section\" data-e-type=\"section\">\n\t\t\t\t\t\t<div class=\"elementor-container elementor-column-gap-default\">\n\t\t\t\t\t<div class=\"elementor-column elementor-col-100 elementor-top-column elementor-element elementor-element-965a2f7\" data-id=\"965a2f7\" data-element_type=\"column\" data-e-type=\"column\">\n\t\t\t<div class=\"elementor-widget-wrap elementor-element-populated\">\n\t\t\t\t\t\t\t<\/div>\n\t\t<\/div>\n\t\t\t\t\t<\/div>\n\t\t<\/section>\n\t\t\t\t<\/div>\n\t\t","protected":false},"excerpt":{"rendered":"<p>Ahoj m\u00ed mil\u00ed souputn\u00edci :-) kone\u010dn\u011b se mi poda\u0159ilo zrealizovat prostor pro informace a pro\u017eitky kter\u00e9 obohacuj\u00ed m\u016fj \u017eivot.&nbsp; U\u017e dlouho m\u00e1m pocit, \u017ee bych se s v\u00e1mi o n\u011b cht\u011bla d\u011blit a tak jsem r\u00e1da, \u017ee nazr\u00e1l \u010das aby to bylo mo\u017en\u00e9 :-). \u017dijeme v dob\u011b velk\u00fdch zm\u011bn a v\u011b\u0159\u00edm, \u017ee informace kter\u00e9 k n\u00e1m p\u0159ich\u00e1zej\u00ed jsou pro n\u00e1s dobrou motivac\u00ed a pomoc\u00ed jak plynout s proudem \u017eivota jen s t\u011bmi boulemi a \u0161r\u00e1my kter\u00e9 jsou nezbytn\u00e9 pro pochopen\u00ed toho co pot\u0159ebujeme moment\u00e1ln\u011b zn\u00e1t. Tedy p\u0159\u00edsp\u011bvek prvn\u00ed :-) &#8211; v\u017edycky jsem v\u011bd\u011bla, \u017ee komunikace je nesm\u00edrn\u011b d\u016fle\u017eit\u00e1. Pr\u00e1v\u011b v\u0161ak \u017eijeme v dob\u011b kdy je je\u0161t\u011b d\u016fle\u017eit\u011bj\u0161\u00ed, proto\u017ee z\u00e1kladn\u00ed lekc\u00ed sou\u010dasnosti je opravdovost a pravda. \u017divot n\u00e1s \u010d\u00edm d\u00e1l t\u00edm v\u00edc nut\u00ed \u017e\u00edt opravdov\u011b a jedin\u011b, kdy\u017e komunikuji se sebou v\u00edm co je moje pravda, kdo jsem j\u00e1 ;-). A jedin\u011b, kdy\u017e komunikuji s ostatn\u00edmi, tak se m\u016f\u017eou dozv\u011bd\u011bt kdo jsem j\u00e1 a p\u0159ijmout m\u011b tak a milovat se v\u0161\u00edm co ke m\u011b pat\u0159\u00ed. Skon\u010dil \u010das teori\u00ed, je t\u0159eba \u017e\u00edt :D. M\u016fj mu\u017e a syn mi denn\u011b ukazuj\u00ed, \u017ee tahle praktika p\u0159\u00edm\u00e9 komunikace jsou sice n\u011bkdy drsn\u00e1 \u0161kola, ale d\u016fsledky kter\u00e9 to nese jsou nebesky sladk\u00e9 pro v\u0161echny z\u00fa\u010dastn\u011bn\u00e9 :). &nbsp; &nbsp; &nbsp; &nbsp; &nbsp; &nbsp; &nbsp; &nbsp; &nbsp; &nbsp; &nbsp; &nbsp; &nbsp; &nbsp; &nbsp; &nbsp; &nbsp; &nbsp; &nbsp; &nbsp; &nbsp; &nbsp; &nbsp; &nbsp; &nbsp; &nbsp; &nbsp; &nbsp; &nbsp; &nbsp; &nbsp; &nbsp; &nbsp; &nbsp; &nbsp; &nbsp; &nbsp; &nbsp; &nbsp; &nbsp; &nbsp; &nbsp; &nbsp; &nbsp; &nbsp; &nbsp; &nbsp; &nbsp; &nbsp; &nbsp; S L\u00e1skou Alena<\/p>\n","protected":false},"author":1,"featured_media":0,"parent":0,"menu_order":0,"comment_status":"closed","ping_status":"closed","template":"","meta":{"footnotes":""},"class_list":["post-258","page","type-page","status-publish","hentry"],"_links":{"self":[{"href":"https:\/\/www.aleninacesta.cz\/index.php?rest_route=\/wp\/v2\/pages\/258","targetHints":{"allow":["GET"]}}],"collection":[{"href":"https:\/\/www.aleninacesta.cz\/index.php?rest_route=\/wp\/v2\/pages"}],"about":[{"href":"https:\/\/www.aleninacesta.cz\/index.php?rest_route=\/wp\/v2\/types\/page"}],"author":[{"embeddable":true,"href":"https:\/\/www.aleninacesta.cz\/index.php?rest_route=\/wp\/v2\/users\/1"}],"replies":[{"embeddable":true,"href":"https:\/\/www.aleninacesta.cz\/index.php?rest_route=%2Fwp%2Fv2%2Fcomments&post=258"}],"version-history":[{"count":42,"href":"https:\/\/www.aleninacesta.cz\/index.php?rest_route=\/wp\/v2\/pages\/258\/revisions"}],"predecessor-version":[{"id":851,"href":"https:\/\/www.aleninacesta.cz\/index.php?rest_route=\/wp\/v2\/pages\/258\/revisions\/851"}],"wp:attachment":[{"href":"https:\/\/www.aleninacesta.cz\/index.php?rest_route=%2Fwp%2Fv2%2Fmedia&parent=258"}],"curies":[{"name":"wp","href":"https:\/\/api.w.org\/{rel}","templated":true}]}}