{"id":254,"date":"2012-08-18T13:16:21","date_gmt":"2012-08-18T13:16:21","guid":{"rendered":"http:\/\/www.aleninacesta.cz\/\/?page_id=254"},"modified":"2020-10-30T15:57:33","modified_gmt":"2020-10-30T15:57:33","slug":"co-nabizim","status":"publish","type":"page","link":"https:\/\/www.aleninacesta.cz\/?page_id=254","title":{"rendered":"Co nab\u00edz\u00edm"},"content":{"rendered":"\t\t<div data-elementor-type=\"wp-page\" data-elementor-id=\"254\" class=\"elementor elementor-254\">\n\t\t\t\t\t\t<section class=\"elementor-section elementor-top-section elementor-element elementor-element-5d5613f5 elementor-section-boxed elementor-section-height-default elementor-section-height-default\" data-id=\"5d5613f5\" data-element_type=\"section\" data-e-type=\"section\">\n\t\t\t\t\t\t<div class=\"elementor-container elementor-column-gap-default\">\n\t\t\t\t\t<div class=\"elementor-column elementor-col-100 elementor-top-column elementor-element elementor-element-d898d9b\" data-id=\"d898d9b\" data-element_type=\"column\" data-e-type=\"column\">\n\t\t\t<div class=\"elementor-widget-wrap\">\n\t\t\t\t\t\t\t<\/div>\n\t\t<\/div>\n\t\t\t\t\t<\/div>\n\t\t<\/section>\n\t\t\t\t<section class=\"elementor-section elementor-top-section elementor-element elementor-element-852b3e0 elementor-section-boxed elementor-section-height-default elementor-section-height-default\" data-id=\"852b3e0\" data-element_type=\"section\" data-e-type=\"section\">\n\t\t\t\t\t\t<div class=\"elementor-container elementor-column-gap-default\">\n\t\t\t\t\t\t<\/div>\n\t\t<\/section>\n\t\t\t\t<section class=\"elementor-section elementor-top-section elementor-element elementor-element-9742a2b elementor-section-boxed elementor-section-height-default elementor-section-height-default\" data-id=\"9742a2b\" data-element_type=\"section\" data-e-type=\"section\">\n\t\t\t\t\t\t<div class=\"elementor-container elementor-column-gap-default\">\n\t\t\t\t\t<div class=\"elementor-column elementor-col-100 elementor-top-column elementor-element elementor-element-9853424\" data-id=\"9853424\" data-element_type=\"column\" data-e-type=\"column\">\n\t\t\t<div class=\"elementor-widget-wrap elementor-element-populated\">\n\t\t\t\t\t\t<div class=\"elementor-element elementor-element-214a64a elementor-position-top elementor-widget elementor-widget-image-box\" data-id=\"214a64a\" data-element_type=\"widget\" data-e-type=\"widget\" data-widget_type=\"image-box.default\">\n\t\t\t\t<div class=\"elementor-widget-container\">\n\t\t\t\t\t<div class=\"elementor-image-box-wrapper\"><figure class=\"elementor-image-box-img\"><a href=\"https:\/\/www.aleninacesta.cz\/?page_id=408\" tabindex=\"-1\"><img decoding=\"async\" width=\"150\" height=\"108\" src=\"https:\/\/www.aleninacesta.cz\/wp-content\/uploads\/2012\/08\/41338345_4.jpg\" class=\"attachment-full size-full wp-image-406\" alt=\"\" \/><\/a><\/figure><div class=\"elementor-image-box-content\"><h6 class=\"elementor-image-box-title\"><a href=\"https:\/\/www.aleninacesta.cz\/?page_id=408\">Bowenova tlakov\u00e1 mas\u00e1\u017e<\/a><\/h6><\/div><\/div>\t\t\t\t<\/div>\n\t\t\t\t<\/div>\n\t\t\t\t\t<\/div>\n\t\t<\/div>\n\t\t\t\t\t<\/div>\n\t\t<\/section>\n\t\t\t\t<section class=\"elementor-section elementor-top-section elementor-element elementor-element-ef8c744 elementor-section-boxed elementor-section-height-default elementor-section-height-default\" data-id=\"ef8c744\" data-element_type=\"section\" data-e-type=\"section\">\n\t\t\t\t\t\t<div class=\"elementor-container elementor-column-gap-default\">\n\t\t\t\t\t<div class=\"elementor-column elementor-col-100 elementor-top-column elementor-element elementor-element-a1778b2\" data-id=\"a1778b2\" data-element_type=\"column\" data-e-type=\"column\">\n\t\t\t<div class=\"elementor-widget-wrap elementor-element-populated\">\n\t\t\t\t\t\t<div class=\"elementor-element elementor-element-94486fb elementor-position-top elementor-widget elementor-widget-image-box\" data-id=\"94486fb\" data-element_type=\"widget\" data-e-type=\"widget\" data-widget_type=\"image-box.default\">\n\t\t\t\t<div class=\"elementor-widget-container\">\n\t\t\t\t\t<div class=\"elementor-image-box-wrapper\"><figure class=\"elementor-image-box-img\"><a href=\"https:\/\/www.aleninacesta.cz\/?page_id=426\" tabindex=\"-1\"><img decoding=\"async\" width=\"150\" height=\"150\" src=\"https:\/\/www.aleninacesta.cz\/wp-content\/uploads\/2012\/08\/organic-herbal-teas.jpg\" class=\"attachment-full size-full wp-image-405\" alt=\"\" \/><\/a><\/figure><div class=\"elementor-image-box-content\"><h6 class=\"elementor-image-box-title\"><a href=\"https:\/\/www.aleninacesta.cz\/?page_id=426\">Esence moje vlastn\u00ed<\/a><\/h6><\/div><\/div>\t\t\t\t<\/div>\n\t\t\t\t<\/div>\n\t\t\t\t\t<\/div>\n\t\t<\/div>\n\t\t\t\t\t<\/div>\n\t\t<\/section>\n\t\t\t\t<section class=\"elementor-section elementor-top-section elementor-element elementor-element-405d85a elementor-section-boxed elementor-section-height-default elementor-section-height-default\" data-id=\"405d85a\" data-element_type=\"section\" data-e-type=\"section\">\n\t\t\t\t\t\t<div class=\"elementor-container elementor-column-gap-default\">\n\t\t\t\t\t<div class=\"elementor-column elementor-col-100 elementor-top-column elementor-element elementor-element-ddc3115\" data-id=\"ddc3115\" data-element_type=\"column\" data-e-type=\"column\">\n\t\t\t<div class=\"elementor-widget-wrap elementor-element-populated\">\n\t\t\t\t\t\t<div class=\"elementor-element elementor-element-5d873e0 elementor-position-top elementor-widget elementor-widget-image-box\" data-id=\"5d873e0\" data-element_type=\"widget\" data-e-type=\"widget\" data-widget_type=\"image-box.default\">\n\t\t\t\t<div class=\"elementor-widget-container\">\n\t\t\t\t\t<div class=\"elementor-image-box-wrapper\"><figure class=\"elementor-image-box-img\"><a href=\"https:\/\/www.aleninacesta.cz\/?page_id=416\" tabindex=\"-1\"><img fetchpriority=\"high\" decoding=\"async\" width=\"225\" height=\"224\" src=\"https:\/\/www.aleninacesta.cz\/wp-content\/uploads\/2012\/08\/images.jpeg\" class=\"attachment-full size-full wp-image-497\" alt=\"\" srcset=\"https:\/\/www.aleninacesta.cz\/wp-content\/uploads\/2012\/08\/images.jpeg 225w, https:\/\/www.aleninacesta.cz\/wp-content\/uploads\/2012\/08\/images-150x150.jpg 150w\" sizes=\"(max-width: 225px) 100vw, 225px\" \/><\/a><\/figure><div class=\"elementor-image-box-content\"><h6 class=\"elementor-image-box-title\"><a href=\"https:\/\/www.aleninacesta.cz\/?page_id=416\">Doporu\u010den\u00ed po mas\u00e1\u017ei<\/a><\/h6><\/div><\/div>\t\t\t\t<\/div>\n\t\t\t\t<\/div>\n\t\t\t\t\t<\/div>\n\t\t<\/div>\n\t\t\t\t\t<\/div>\n\t\t<\/section>\n\t\t\t\t<section class=\"elementor-section elementor-top-section elementor-element elementor-element-23c14b6 elementor-section-boxed elementor-section-height-default elementor-section-height-default\" data-id=\"23c14b6\" data-element_type=\"section\" data-e-type=\"section\">\n\t\t\t\t\t\t<div class=\"elementor-container elementor-column-gap-default\">\n\t\t\t\t\t<div class=\"elementor-column elementor-col-100 elementor-top-column elementor-element elementor-element-f7dde0d\" data-id=\"f7dde0d\" data-element_type=\"column\" data-e-type=\"column\">\n\t\t\t<div class=\"elementor-widget-wrap elementor-element-populated\">\n\t\t\t\t\t\t<div class=\"elementor-element elementor-element-5884b51 elementor-position-top elementor-widget elementor-widget-image-box\" data-id=\"5884b51\" data-element_type=\"widget\" data-e-type=\"widget\" data-widget_type=\"image-box.default\">\n\t\t\t\t<div class=\"elementor-widget-container\">\n\t\t\t\t\t<div class=\"elementor-image-box-wrapper\"><figure class=\"elementor-image-box-img\"><a href=\"https:\/\/www.aleninacesta.cz\/?page_id=422\" tabindex=\"-1\"><img loading=\"lazy\" decoding=\"async\" width=\"150\" height=\"131\" src=\"https:\/\/www.aleninacesta.cz\/wp-content\/uploads\/2012\/08\/herbalimage.jpg\" class=\"attachment-full size-full wp-image-403\" alt=\"\" \/><\/a><\/figure><div class=\"elementor-image-box-content\"><h6 class=\"elementor-image-box-title\"><a href=\"https:\/\/www.aleninacesta.cz\/?page_id=422\">Esence obecn\u011b<\/a><\/h6><\/div><\/div>\t\t\t\t<\/div>\n\t\t\t\t<\/div>\n\t\t\t\t\t<\/div>\n\t\t<\/div>\n\t\t\t\t\t<\/div>\n\t\t<\/section>\n\t\t\t\t<section class=\"elementor-section elementor-top-section elementor-element elementor-element-04aad4d elementor-section-boxed elementor-section-height-default elementor-section-height-default\" data-id=\"04aad4d\" data-element_type=\"section\" data-e-type=\"section\">\n\t\t\t\t\t\t<div class=\"elementor-container elementor-column-gap-default\">\n\t\t\t\t\t<div class=\"elementor-column elementor-col-100 elementor-top-column elementor-element elementor-element-a4da1eb\" data-id=\"a4da1eb\" data-element_type=\"column\" data-e-type=\"column\">\n\t\t\t<div class=\"elementor-widget-wrap elementor-element-populated\">\n\t\t\t\t\t\t<div class=\"elementor-element elementor-element-974bbf1 elementor-position-top elementor-widget elementor-widget-image-box\" data-id=\"974bbf1\" data-element_type=\"widget\" data-e-type=\"widget\" data-widget_type=\"image-box.default\">\n\t\t\t\t<div class=\"elementor-widget-container\">\n\t\t\t\t\t<div class=\"elementor-image-box-wrapper\"><figure class=\"elementor-image-box-img\"><a href=\"https:\/\/www.aleninacesta.cz\/?page_id=641\" tabindex=\"-1\"><img loading=\"lazy\" decoding=\"async\" width=\"2560\" height=\"2560\" src=\"https:\/\/www.aleninacesta.cz\/wp-content\/uploads\/2020\/10\/jing-jang-scaled.jpg\" class=\"attachment-full size-full wp-image-697\" alt=\"\" srcset=\"https:\/\/www.aleninacesta.cz\/wp-content\/uploads\/2020\/10\/jing-jang-scaled.jpg 2560w, https:\/\/www.aleninacesta.cz\/wp-content\/uploads\/2020\/10\/jing-jang-300x300.jpg 300w, https:\/\/www.aleninacesta.cz\/wp-content\/uploads\/2020\/10\/jing-jang-1024x1024.jpg 1024w, https:\/\/www.aleninacesta.cz\/wp-content\/uploads\/2020\/10\/jing-jang-150x150.jpg 150w, https:\/\/www.aleninacesta.cz\/wp-content\/uploads\/2020\/10\/jing-jang-768x768.jpg 768w, https:\/\/www.aleninacesta.cz\/wp-content\/uploads\/2020\/10\/jing-jang-1536x1536.jpg 1536w, https:\/\/www.aleninacesta.cz\/wp-content\/uploads\/2020\/10\/jing-jang-2048x2048.jpg 2048w, https:\/\/www.aleninacesta.cz\/wp-content\/uploads\/2020\/10\/jing-jang-1140x1140.jpg 1140w, https:\/\/www.aleninacesta.cz\/wp-content\/uploads\/2020\/10\/jing-jang-75x75.jpg 75w\" sizes=\"(max-width: 2560px) 100vw, 2560px\" \/><\/a><\/figure><div class=\"elementor-image-box-content\"><h6 class=\"elementor-image-box-title\"><a href=\"https:\/\/www.aleninacesta.cz\/?page_id=641\">Konstelace vnit\u0159n\u00edch obraz\u016f<\/a><\/h6><\/div><\/div>\t\t\t\t<\/div>\n\t\t\t\t<\/div>\n\t\t\t\t\t<\/div>\n\t\t<\/div>\n\t\t\t\t\t<\/div>\n\t\t<\/section>\n\t\t\t\t<section class=\"elementor-section elementor-top-section elementor-element elementor-element-d578ea9 elementor-section-boxed elementor-section-height-default elementor-section-height-default\" data-id=\"d578ea9\" data-element_type=\"section\" data-e-type=\"section\">\n\t\t\t\t\t\t<div class=\"elementor-container elementor-column-gap-default\">\n\t\t\t\t\t<div class=\"elementor-column elementor-col-100 elementor-top-column elementor-element elementor-element-05eb3d9\" data-id=\"05eb3d9\" data-element_type=\"column\" data-e-type=\"column\">\n\t\t\t<div class=\"elementor-widget-wrap\">\n\t\t\t\t\t\t\t<\/div>\n\t\t<\/div>\n\t\t\t\t\t<\/div>\n\t\t<\/section>\n\t\t\t\t<\/div>\n\t\t","protected":false},"excerpt":{"rendered":"<p>Bowenova tlakov\u00e1 mas\u00e1\u017e Esence moje vlastn\u00ed Doporu\u010den\u00ed po mas\u00e1\u017ei Esence obecn\u011b Konstelace vnit\u0159n\u00edch obraz\u016f<\/p>\n","protected":false},"author":1,"featured_media":0,"parent":0,"menu_order":0,"comment_status":"closed","ping_status":"closed","template":"","meta":{"footnotes":""},"class_list":["post-254","page","type-page","status-publish","hentry"],"_links":{"self":[{"href":"https:\/\/www.aleninacesta.cz\/index.php?rest_route=\/wp\/v2\/pages\/254","targetHints":{"allow":["GET"]}}],"collection":[{"href":"https:\/\/www.aleninacesta.cz\/index.php?rest_route=\/wp\/v2\/pages"}],"about":[{"href":"https:\/\/www.aleninacesta.cz\/index.php?rest_route=\/wp\/v2\/types\/page"}],"author":[{"embeddable":true,"href":"https:\/\/www.aleninacesta.cz\/index.php?rest_route=\/wp\/v2\/users\/1"}],"replies":[{"embeddable":true,"href":"https:\/\/www.aleninacesta.cz\/index.php?rest_route=%2Fwp%2Fv2%2Fcomments&post=254"}],"version-history":[{"count":58,"href":"https:\/\/www.aleninacesta.cz\/index.php?rest_route=\/wp\/v2\/pages\/254\/revisions"}],"predecessor-version":[{"id":852,"href":"https:\/\/www.aleninacesta.cz\/index.php?rest_route=\/wp\/v2\/pages\/254\/revisions\/852"}],"wp:attachment":[{"href":"https:\/\/www.aleninacesta.cz\/index.php?rest_route=%2Fwp%2Fv2%2Fmedia&parent=254"}],"curies":[{"name":"wp","href":"https:\/\/api.w.org\/{rel}","templated":true}]}}