{"id":102,"date":"2012-08-18T09:31:41","date_gmt":"2012-08-18T09:31:41","guid":{"rendered":"http:\/\/www.aleninacesta.cz\/\/?page_id=102"},"modified":"2020-10-30T15:56:14","modified_gmt":"2020-10-30T15:56:14","slug":"kdo-jsem","status":"publish","type":"page","link":"https:\/\/www.aleninacesta.cz\/","title":{"rendered":"Kdo jsem"},"content":{"rendered":"\t\t<div data-elementor-type=\"wp-page\" data-elementor-id=\"102\" class=\"elementor elementor-102\">\n\t\t\t\t\t\t<section class=\"elementor-section elementor-top-section elementor-element elementor-element-87d5296 elementor-section-stretched elementor-section-boxed elementor-section-height-default elementor-section-height-default\" data-id=\"87d5296\" data-element_type=\"section\" data-e-type=\"section\" data-settings=\"{&quot;stretch_section&quot;:&quot;section-stretched&quot;}\">\n\t\t\t\t\t\t<div class=\"elementor-container elementor-column-gap-narrow\">\n\t\t\t\t\t<div class=\"elementor-column elementor-col-100 elementor-top-column elementor-element elementor-element-805e059\" data-id=\"805e059\" data-element_type=\"column\" data-e-type=\"column\">\n\t\t\t<div class=\"elementor-widget-wrap\">\n\t\t\t\t\t\t\t<\/div>\n\t\t<\/div>\n\t\t\t\t\t<\/div>\n\t\t<\/section>\n\t\t\t\t<section class=\"elementor-section elementor-top-section elementor-element elementor-element-7505252 elementor-section-boxed elementor-section-height-default elementor-section-height-default\" data-id=\"7505252\" data-element_type=\"section\" data-e-type=\"section\">\n\t\t\t\t\t\t<div class=\"elementor-container elementor-column-gap-default\">\n\t\t\t\t\t\t<\/div>\n\t\t<\/section>\n\t\t\t\t<section class=\"elementor-section elementor-top-section elementor-element elementor-element-77c54b2 elementor-section-boxed elementor-section-height-default elementor-section-height-default\" data-id=\"77c54b2\" data-element_type=\"section\" data-e-type=\"section\">\n\t\t\t\t\t\t<div class=\"elementor-container elementor-column-gap-default\">\n\t\t\t\t\t<div class=\"elementor-column elementor-col-100 elementor-top-column elementor-element elementor-element-e4e3079\" data-id=\"e4e3079\" data-element_type=\"column\" data-e-type=\"column\">\n\t\t\t<div class=\"elementor-widget-wrap elementor-element-populated\">\n\t\t\t\t\t\t<div class=\"elementor-element elementor-element-1933fd7 elementor-widget elementor-widget-text-editor\" data-id=\"1933fd7\" data-element_type=\"widget\" data-e-type=\"widget\" data-widget_type=\"text-editor.default\">\n\t\t\t\t<div class=\"elementor-widget-container\">\n\t\t\t\t\t\t\t\t\t<p style=\"text-align: justify;\" align=\"center\">Jsem lidsk\u00e1 bytost, jsem \u017eena.\u00a0Jak to dovedu nejl\u00e9pe respektuji u\u010debn\u00ed pl\u00e1n m\u00e9 du\u0161e a jej\u00ed vizi zrozen\u00ed (to pro\u010d \u0161la do t\u00e9to inkarnace).\u00a0Kdy\u017e je t\u0159eba spl\u00e1c\u00edm dluhy, kter\u00e9 m\u00e1m z\u00a0minulosti.\u00a0Raduji se z\u00a0dar\u016f, kter\u00e9 jsou mi v\u00a0tomto \u017eivot\u011b dop\u0159\u00e1ny. V\u00a0m\u00e9m \u017eivot\u011b byl v\u017edy\u00a0obsa\u017een aspekt l\u00e9\u010den\u00ed a \u00falevy od bolesti.\u00a0Z\u00e1kladn\u00edm stavebn\u00edm kamenem moj\u00ed pr\u00e1ce (a moj\u00ed velkou l\u00e1skou) je Bowenova mas\u00e1\u017e. Oslovily m\u011b Archetyp\u00e1ln\u00ed esence, kter\u00e9 maj\u00ed v sob\u011b charakteristiku rostlin a zv\u00ed\u0159ec\u00ed esence, kter\u00e9 maj\u00ed v sob\u011b energii\u00a0zv\u00ed\u0159at. Pracuji s energi\u00ed a tak\u00e9 vyu\u017e\u00edv\u00e1m\u00a0vizualizace, meditace, dechov\u00e1 cvi\u010den\u00ed a komunika\u010dn\u00ed techniky umo\u017e\u0148uj\u00edc\u00ed vn\u00edmat a pochopit\u00a0realitu v kter\u00e9 \u017eijeme a jak\u00e1 je na\u0161e role v n\u00ed. Pro ka\u017ed\u00e9ho klienta vol\u00edm individu\u00e1ln\u011b techniku, kter\u00e1 je pro n\u011bj nejvhodn\u011bj\u0161\u00ed.<\/p><p style=\"text-align: justify;\" align=\"center\">V\u00edce o m\u011b <a title=\"O m\u011b\" href=\"http:\/\/www.aleninacesta.cz\/?page_id=289\">zde.<\/a><\/p><p style=\"text-align: justify;\" align=\"center\"><a href=\"http:\/\/www.aleninacesta.cz\/wp-content\/uploads\/2012\/08\/ja.jpg\"><img fetchpriority=\"high\" decoding=\"async\" class=\"size-full wp-image-286\" title=\"ja\" src=\"http:\/\/www.aleninacesta.cz\/wp-content\/uploads\/2012\/08\/ja.jpg\" alt=\"\" width=\"510\" height=\"768\" srcset=\"https:\/\/www.aleninacesta.cz\/wp-content\/uploads\/2012\/08\/ja.jpg 510w, https:\/\/www.aleninacesta.cz\/wp-content\/uploads\/2012\/08\/ja-199x300.jpg 199w\" sizes=\"(max-width: 510px) 100vw, 510px\" \/><\/a><\/p>\t\t\t\t\t\t\t\t<\/div>\n\t\t\t\t<\/div>\n\t\t\t\t\t<\/div>\n\t\t<\/div>\n\t\t\t\t\t<\/div>\n\t\t<\/section>\n\t\t\t\t<section class=\"elementor-section elementor-top-section elementor-element elementor-element-0dff0d8 elementor-section-boxed elementor-section-height-default elementor-section-height-default\" data-id=\"0dff0d8\" data-element_type=\"section\" data-e-type=\"section\">\n\t\t\t\t\t\t<div class=\"elementor-container elementor-column-gap-default\">\n\t\t\t\t\t<div class=\"elementor-column elementor-col-100 elementor-top-column elementor-element elementor-element-b3a78e7\" data-id=\"b3a78e7\" data-element_type=\"column\" data-e-type=\"column\">\n\t\t\t<div class=\"elementor-widget-wrap elementor-element-populated\">\n\t\t\t\t\t\t<div class=\"elementor-element elementor-element-426bcfb elementor-widget elementor-widget-image\" data-id=\"426bcfb\" data-element_type=\"widget\" data-e-type=\"widget\" data-widget_type=\"image.default\">\n\t\t\t\t<div class=\"elementor-widget-container\">\n\t\t\t\t\t\t\t\t\t\t\t\t\t\t\t<img decoding=\"async\" width=\"223\" height=\"102\" src=\"https:\/\/www.aleninacesta.cz\/wp-content\/uploads\/2020\/10\/Datovy\u0301-zdroj-1-e1604047841143.png\" class=\"attachment-large size-large wp-image-839\" alt=\"\" \/>\t\t\t\t\t\t\t\t\t\t\t\t\t\t\t<\/div>\n\t\t\t\t<\/div>\n\t\t\t\t\t<\/div>\n\t\t<\/div>\n\t\t\t\t\t<\/div>\n\t\t<\/section>\n\t\t\t\t<\/div>\n\t\t","protected":false},"excerpt":{"rendered":"<p>Jsem lidsk\u00e1 bytost, jsem \u017eena.&nbsp;Jak to dovedu nejl\u00e9pe respektuji u\u010debn\u00ed pl\u00e1n m\u00e9 du\u0161e a jej\u00ed vizi zrozen\u00ed (to pro\u010d \u0161la do t\u00e9to inkarnace).&nbsp;Kdy\u017e je t\u0159eba spl\u00e1c\u00edm dluhy, kter\u00e9 m\u00e1m z&nbsp;minulosti.&nbsp;Raduji se z&nbsp;dar\u016f, kter\u00e9 jsou mi v&nbsp;tomto \u017eivot\u011b dop\u0159\u00e1ny. V&nbsp;m\u00e9m \u017eivot\u011b byl v\u017edy&nbsp;obsa\u017een aspekt l\u00e9\u010den\u00ed a \u00falevy od bolesti.&nbsp;Z\u00e1kladn\u00edm stavebn\u00edm kamenem moj\u00ed pr\u00e1ce (a moj\u00ed velkou l\u00e1skou) je Bowenova mas\u00e1\u017e. Oslovily m\u011b Archetyp\u00e1ln\u00ed esence, kter\u00e9 maj\u00ed v sob\u011b charakteristiku rostlin a zv\u00ed\u0159ec\u00ed esence, kter\u00e9 maj\u00ed v sob\u011b energii&nbsp;zv\u00ed\u0159at. Pracuji s energi\u00ed a tak\u00e9 vyu\u017e\u00edv\u00e1m&nbsp;vizualizace, meditace, dechov\u00e1 cvi\u010den\u00ed a komunika\u010dn\u00ed techniky umo\u017e\u0148uj\u00edc\u00ed vn\u00edmat a pochopit&nbsp;realitu v kter\u00e9 \u017eijeme a jak\u00e1 je na\u0161e role v n\u00ed. Pro ka\u017ed\u00e9ho klienta vol\u00edm individu\u00e1ln\u011b techniku, kter\u00e1 je pro n\u011bj nejvhodn\u011bj\u0161\u00ed. V\u00edce o m\u011b zde.<\/p>\n","protected":false},"author":1,"featured_media":0,"parent":0,"menu_order":0,"comment_status":"closed","ping_status":"closed","template":"","meta":{"footnotes":""},"class_list":["post-102","page","type-page","status-publish","hentry"],"_links":{"self":[{"href":"https:\/\/www.aleninacesta.cz\/index.php?rest_route=\/wp\/v2\/pages\/102","targetHints":{"allow":["GET"]}}],"collection":[{"href":"https:\/\/www.aleninacesta.cz\/index.php?rest_route=\/wp\/v2\/pages"}],"about":[{"href":"https:\/\/www.aleninacesta.cz\/index.php?rest_route=\/wp\/v2\/types\/page"}],"author":[{"embeddable":true,"href":"https:\/\/www.aleninacesta.cz\/index.php?rest_route=\/wp\/v2\/users\/1"}],"replies":[{"embeddable":true,"href":"https:\/\/www.aleninacesta.cz\/index.php?rest_route=%2Fwp%2Fv2%2Fcomments&post=102"}],"version-history":[{"count":47,"href":"https:\/\/www.aleninacesta.cz\/index.php?rest_route=\/wp\/v2\/pages\/102\/revisions"}],"predecessor-version":[{"id":842,"href":"https:\/\/www.aleninacesta.cz\/index.php?rest_route=\/wp\/v2\/pages\/102\/revisions\/842"}],"wp:attachment":[{"href":"https:\/\/www.aleninacesta.cz\/index.php?rest_route=%2Fwp%2Fv2%2Fmedia&parent=102"}],"curies":[{"name":"wp","href":"https:\/\/api.w.org\/{rel}","templated":true}]}}